{"id":2953,"date":"2016-10-23T22:13:50","date_gmt":"2016-10-23T21:13:50","guid":{"rendered":"http:\/\/www.vibrasil.cz\/en\/?page_id=2953"},"modified":"2017-11-22T18:17:15","modified_gmt":"2017-11-22T17:17:15","slug":"english-testimonial","status":"publish","type":"page","link":"https:\/\/www.vibrasil.cz\/en\/testimonial\/","title":{"rendered":"Testimonial"},"content":{"rendered":"","protected":false},"excerpt":{"rendered":"","protected":false},"author":1,"featured_media":0,"parent":0,"menu_order":0,"comment_status":"closed","ping_status":"closed","template":"","meta":{"footnotes":""},"yoast_head":"<!-- This site is optimized with the Yoast SEO plugin v24.5 - https:\/\/yoast.com\/wordpress\/plugins\/seo\/ -->\n<title>Testimonial - ViBrasil Samba show<\/title>\n<meta name=\"robots\" content=\"index, follow, max-snippet:-1, max-image-preview:large, max-video-preview:-1\" \/>\n<link rel=\"canonical\" href=\"https:\/\/www.vibrasil.cz\/es\/testimomos\/\" \/>\n<meta property=\"og:locale\" content=\"en_US\" \/>\n<meta property=\"og:type\" content=\"article\" \/>\n<meta property=\"og:title\" content=\"[:cs]\u0158ekli o n\u00e1s[:en]Testimonial[:es]Testimomos[:] - ViBrasil Samba show\" \/>\n<meta property=\"og:url\" content=\"https:\/\/www.vibrasil.cz\/es\/testimomos\/\" \/>\n<meta property=\"og:site_name\" content=\"ViBrasil Samba show\" \/>\n<meta property=\"article:publisher\" content=\"https:\/\/www.facebook.com\/vibrasil.sambashow.5\" \/>\n<meta property=\"article:modified_time\" content=\"2017-11-22T17:17:15+00:00\" \/>\n<meta name=\"twitter:card\" content=\"summary_large_image\" \/>\n<script type=\"application\/ld+json\" class=\"yoast-schema-graph\">{\"@context\":\"https:\/\/schema.org\",\"@graph\":[{\"@type\":\"WebPage\",\"@id\":\"https:\/\/www.vibrasil.cz\/es\/testimomos\/\",\"url\":\"https:\/\/www.vibrasil.cz\/es\/testimomos\/\",\"name\":\"[:cs]\u0158ekli o n\u00e1s[:en]Testimonial[:es]Testimomos[:] - ViBrasil Samba show\",\"isPartOf\":{\"@id\":\"https:\/\/www.vibrasil.cz\/#website\"},\"datePublished\":\"2016-10-23T21:13:50+00:00\",\"dateModified\":\"2017-11-22T17:17:15+00:00\",\"breadcrumb\":{\"@id\":\"https:\/\/www.vibrasil.cz\/es\/testimomos\/#breadcrumb\"},\"inLanguage\":\"en-US\",\"potentialAction\":[{\"@type\":\"ReadAction\",\"target\":[\"https:\/\/www.vibrasil.cz\/es\/testimomos\/\"]}]},{\"@type\":\"BreadcrumbList\",\"@id\":\"https:\/\/www.vibrasil.cz\/es\/testimomos\/#breadcrumb\",\"itemListElement\":[{\"@type\":\"ListItem\",\"position\":1,\"name\":\"Home\",\"item\":\"https:\/\/www.vibrasil.cz\/\"},{\"@type\":\"ListItem\",\"position\":2,\"name\":\"Testimomos\"}]},{\"@type\":\"WebSite\",\"@id\":\"https:\/\/www.vibrasil.cz\/#website\",\"url\":\"https:\/\/www.vibrasil.cz\/\",\"name\":\"ViBrasil Samba show\",\"description\":\"Dal\u0161\u00ed web pou\u017e\u00edvaj\u00edc\u00ed WordPress\",\"publisher\":{\"@id\":\"https:\/\/www.vibrasil.cz\/#organization\"},\"potentialAction\":[{\"@type\":\"SearchAction\",\"target\":{\"@type\":\"EntryPoint\",\"urlTemplate\":\"https:\/\/www.vibrasil.cz\/?s={search_term_string}\"},\"query-input\":{\"@type\":\"PropertyValueSpecification\",\"valueRequired\":true,\"valueName\":\"search_term_string\"}}],\"inLanguage\":\"en-US\"},{\"@type\":\"Organization\",\"@id\":\"https:\/\/www.vibrasil.cz\/#organization\",\"name\":\"Vibrasil Samba Show\",\"url\":\"https:\/\/www.vibrasil.cz\/\",\"logo\":{\"@type\":\"ImageObject\",\"inLanguage\":\"en-US\",\"@id\":\"https:\/\/www.vibrasil.cz\/#\/schema\/logo\/image\/\",\"url\":\"https:\/\/www.vibrasil.cz\/wp-content\/uploads\/2016\/10\/logo-200-trans.png\",\"contentUrl\":\"https:\/\/www.vibrasil.cz\/wp-content\/uploads\/2016\/10\/logo-200-trans.png\",\"width\":200,\"height\":180,\"caption\":\"Vibrasil Samba Show\"},\"image\":{\"@id\":\"https:\/\/www.vibrasil.cz\/#\/schema\/logo\/image\/\"},\"sameAs\":[\"https:\/\/www.facebook.com\/vibrasil.sambashow.5\",\"https:\/\/www.instagram.com\/vibrasilsambashow\/\"]}]}<\/script>\n<!-- \/ Yoast SEO plugin. -->","yoast_head_json":{"title":"[:cs]\u0158ekli o n\u00e1s[:en]Testimonial[:es]Testimomos[:] - ViBrasil Samba show","robots":{"index":"index","follow":"follow","max-snippet":"max-snippet:-1","max-image-preview":"max-image-preview:large","max-video-preview":"max-video-preview:-1"},"canonical":"https:\/\/www.vibrasil.cz\/es\/testimomos\/","og_locale":"en_US","og_type":"article","og_title":"[:cs]\u0158ekli o n\u00e1s[:en]Testimonial[:es]Testimomos[:] - ViBrasil Samba show","og_url":"https:\/\/www.vibrasil.cz\/es\/testimomos\/","og_site_name":"ViBrasil Samba show","article_publisher":"https:\/\/www.facebook.com\/vibrasil.sambashow.5","article_modified_time":"2017-11-22T17:17:15+00:00","twitter_card":"summary_large_image","schema":{"@context":"https:\/\/schema.org","@graph":[{"@type":"WebPage","@id":"https:\/\/www.vibrasil.cz\/es\/testimomos\/","url":"https:\/\/www.vibrasil.cz\/es\/testimomos\/","name":"[:cs]\u0158ekli o n\u00e1s[:en]Testimonial[:es]Testimomos[:] - ViBrasil Samba show","isPartOf":{"@id":"https:\/\/www.vibrasil.cz\/#website"},"datePublished":"2016-10-23T21:13:50+00:00","dateModified":"2017-11-22T17:17:15+00:00","breadcrumb":{"@id":"https:\/\/www.vibrasil.cz\/es\/testimomos\/#breadcrumb"},"inLanguage":"en-US","potentialAction":[{"@type":"ReadAction","target":["https:\/\/www.vibrasil.cz\/es\/testimomos\/"]}]},{"@type":"BreadcrumbList","@id":"https:\/\/www.vibrasil.cz\/es\/testimomos\/#breadcrumb","itemListElement":[{"@type":"ListItem","position":1,"name":"Home","item":"https:\/\/www.vibrasil.cz\/"},{"@type":"ListItem","position":2,"name":"Testimomos"}]},{"@type":"WebSite","@id":"https:\/\/www.vibrasil.cz\/#website","url":"https:\/\/www.vibrasil.cz\/","name":"ViBrasil Samba show","description":"Dal\u0161\u00ed web pou\u017e\u00edvaj\u00edc\u00ed WordPress","publisher":{"@id":"https:\/\/www.vibrasil.cz\/#organization"},"potentialAction":[{"@type":"SearchAction","target":{"@type":"EntryPoint","urlTemplate":"https:\/\/www.vibrasil.cz\/?s={search_term_string}"},"query-input":{"@type":"PropertyValueSpecification","valueRequired":true,"valueName":"search_term_string"}}],"inLanguage":"en-US"},{"@type":"Organization","@id":"https:\/\/www.vibrasil.cz\/#organization","name":"Vibrasil Samba Show","url":"https:\/\/www.vibrasil.cz\/","logo":{"@type":"ImageObject","inLanguage":"en-US","@id":"https:\/\/www.vibrasil.cz\/#\/schema\/logo\/image\/","url":"https:\/\/www.vibrasil.cz\/wp-content\/uploads\/2016\/10\/logo-200-trans.png","contentUrl":"https:\/\/www.vibrasil.cz\/wp-content\/uploads\/2016\/10\/logo-200-trans.png","width":200,"height":180,"caption":"Vibrasil Samba Show"},"image":{"@id":"https:\/\/www.vibrasil.cz\/#\/schema\/logo\/image\/"},"sameAs":["https:\/\/www.facebook.com\/vibrasil.sambashow.5","https:\/\/www.instagram.com\/vibrasilsambashow\/"]}]}},"_links":{"self":[{"href":"https:\/\/www.vibrasil.cz\/en\/wp-json\/wp\/v2\/pages\/2953"}],"collection":[{"href":"https:\/\/www.vibrasil.cz\/en\/wp-json\/wp\/v2\/pages"}],"about":[{"href":"https:\/\/www.vibrasil.cz\/en\/wp-json\/wp\/v2\/types\/page"}],"author":[{"embeddable":true,"href":"https:\/\/www.vibrasil.cz\/en\/wp-json\/wp\/v2\/users\/1"}],"replies":[{"embeddable":true,"href":"https:\/\/www.vibrasil.cz\/en\/wp-json\/wp\/v2\/comments?post=2953"}],"version-history":[{"count":10,"href":"https:\/\/www.vibrasil.cz\/en\/wp-json\/wp\/v2\/pages\/2953\/revisions"}],"predecessor-version":[{"id":4163,"href":"https:\/\/www.vibrasil.cz\/en\/wp-json\/wp\/v2\/pages\/2953\/revisions\/4163"}],"wp:attachment":[{"href":"https:\/\/www.vibrasil.cz\/en\/wp-json\/wp\/v2\/media?parent=2953"}],"curies":[{"name":"wp","href":"https:\/\/api.w.org\/{rel}","templated":true}]}}